{"id":739,"date":"2023-11-15T11:21:26","date_gmt":"2023-11-15T11:21:26","guid":{"rendered":"https:\/\/haustierewissen.de\/?page_id=739"},"modified":"2025-11-14T09:40:46","modified_gmt":"2025-11-14T09:40:46","slug":"impressum","status":"publish","type":"page","link":"https:\/\/haustierewissen.de\/en\/impressum\/","title":{"rendered":"Imprint"},"content":{"rendered":"<div data-elementor-type=\"wp-page\" data-elementor-id=\"739\" class=\"elementor elementor-739\" data-elementor-post-type=\"page\">\n\t\t\t\t<div class=\"elementor-element elementor-element-2fed805 e-con-full e-flex e-con e-parent\" data-id=\"2fed805\" data-element_type=\"container\" data-e-type=\"container\">\n\t\t\t\t<div class=\"elementor-element elementor-element-b7e49d4 elementor-widget elementor-widget-text-editor\" data-id=\"b7e49d4\" data-element_type=\"widget\" data-e-type=\"widget\" data-widget_type=\"text-editor.default\">\n\t\t\t\t<div class=\"elementor-widget-container\">\n\t\t\t\t\t\t\t\t\t<div data-id=\"a4443a4\" data-element_type=\"widget\" data-widget_type=\"heading.default\"><h1><span style=\"color: #333333;\">Imprint<\/span><\/h1><\/div><div data-id=\"b75effa\" data-element_type=\"widget\" data-widget_type=\"text-editor.default\"><div><p><span style=\"color: #333333;\">Convoo GmbH<\/span><br \/><span style=\"color: #333333;\">Am <\/span>Unisys-Park 1<br \/>65843 Sulzbach\/Ts.<br \/><span style=\"color: #333333;\">Germany<\/span><\/p><p data-pm-slice=\"1 1 []\"><span style=\"color: #333333;\">The\u00a0<\/span><span style=\"color: #333333; font-size: 19.2px;\">Convoo<\/span><span style=\"color: #333333;\">\u00a0GmbH is registered at the Local Court of Frankfurt am Main under commercial register number HRB 117525 and is represented judicially and extrajudicially by the Managing Director\u00a0<\/span><span style=\"font-size: 1.2rem; color: #333333;\">Henning Munte<\/span><span style=\"font-size: 1.2rem; color: #333333;\">\u00a0represented.<\/span><\/p><p><span style=\"color: #333333;\">You can reach us at the following e-mail address: <\/span><span style=\"color: #333333;\"><a style=\"color: #333333;\" href=\"mailto:info@voozmedia.com\">info@de.convoo.com<\/a><\/span><\/p><h2><span style=\"color: #333333;\"><strong>Platform of the EU Commission<\/strong><\/span><\/h2><p><span style=\"color: #333333;\">The European Commission provides <a style=\"color: #333333;\" href=\"http:\/\/ec.europa.eu\/consumers\/odr\/\">http:\/\/ec.europa.eu\/consumers\/odr\/<\/a> provides a platform for online dispute resolution (in accordance with Art. 14 (1) ODR Regulation).<\/span><\/p><p><span style=\"color: #333333; font-size: 19.2px;\">Convoo<\/span><span style=\"color: #333333;\">\u00a0does not, however, participate in online dispute resolution.<\/span><\/p><h2><span style=\"color: #333333;\"><strong>Copyright<\/strong><\/span><\/h2><p><span style=\"color: #333333;\">The rights to all text, graphics, layout, HTML code and scripts are owned by\u00a0<\/span><span style=\"color: #333333; font-size: 19.2px;\">Convoo<\/span><span style=\"color: #333333;\">\u00a0GmbH. Any kind of further use requires the express consent of\u00a0<\/span><span style=\"color: #333333; font-size: 19.2px;\">Convoo<\/span><span style=\"color: #333333;\">\u00a0Ltd.<\/span><\/p><\/div><\/div>\t\t\t\t\t\t\t\t<\/div>\n\t\t\t\t<\/div>\n\t\t\t\t<div class=\"elementor-element elementor-element-13fd94e elementor-widget elementor-widget-html\" data-id=\"13fd94e\" data-element_type=\"widget\" data-e-type=\"widget\" data-widget_type=\"html.default\">\n\t\t\t\t<div class=\"elementor-widget-container\">\n\t\t\t\t\t<script id=\"CookieDeclaration\" src=https:\/\/consent.cookiebot.com\/d675270a-0289-4be9-a3e7-8b0918ab55e1\/cd.js type=\"text\/javascript\" async><\/script>\u00a0\t\t\t\t<\/div>\n\t\t\t\t<\/div>\n\t\t\t\t<\/div>\n\t\t\t\t<\/div>","protected":false},"excerpt":{"rendered":"<p>Impressum Convoo GmbHAm Unisys-Park 165843 Sulzbach\/Ts.Deutschland Die\u00a0Convoo\u00a0GmbH ist beim Amtsgericht Frankfurt am Main unter der Handelsregisternummer HRB 117525 eingetragen und wird gerichtlich und au\u00dfergerichtlich durch der Gesch\u00e4ftsf\u00fchrer\u00a0Henning Munte\u00a0vertreten. Sie k\u00f6nnen uns unter folgender E-Mail-Adresse erreichen: info@de.convoo.com Plattform der EU-Kommission Die Europ\u00e4ische Kommission stellt unter http:\/\/ec.europa.eu\/consumers\/odr\/ eine Plattform zur Online-Streitbeilegung (nach Art. 14 Abs. 1 ODR-Verordnung) [&hellip;]<\/p>\n","protected":false},"author":3,"featured_media":0,"parent":0,"menu_order":0,"comment_status":"closed","ping_status":"closed","template":"","meta":{"footnotes":""},"class_list":["post-739","page","type-page","status-publish","hentry"],"_links":{"self":[{"href":"https:\/\/haustierewissen.de\/en\/wp-json\/wp\/v2\/pages\/739","targetHints":{"allow":["GET"]}}],"collection":[{"href":"https:\/\/haustierewissen.de\/en\/wp-json\/wp\/v2\/pages"}],"about":[{"href":"https:\/\/haustierewissen.de\/en\/wp-json\/wp\/v2\/types\/page"}],"author":[{"embeddable":true,"href":"https:\/\/haustierewissen.de\/en\/wp-json\/wp\/v2\/users\/3"}],"replies":[{"embeddable":true,"href":"https:\/\/haustierewissen.de\/en\/wp-json\/wp\/v2\/comments?post=739"}],"version-history":[{"count":9,"href":"https:\/\/haustierewissen.de\/en\/wp-json\/wp\/v2\/pages\/739\/revisions"}],"predecessor-version":[{"id":9981,"href":"https:\/\/haustierewissen.de\/en\/wp-json\/wp\/v2\/pages\/739\/revisions\/9981"}],"wp:attachment":[{"href":"https:\/\/haustierewissen.de\/en\/wp-json\/wp\/v2\/media?parent=739"}],"curies":[{"name":"wp","href":"https:\/\/api.w.org\/{rel}","templated":true}]}}